{"id":372,"date":"2023-02-07T11:26:00","date_gmt":"2023-02-07T11:26:00","guid":{"rendered":"https:\/\/tema-vision.com\/?page_id=372"},"modified":"2023-02-22T14:22:11","modified_gmt":"2023-02-22T14:22:11","slug":"about-us","status":"publish","type":"page","link":"https:\/\/tema-vision.com\/fr\/about-us\/","title":{"rendered":"About Us"},"content":{"rendered":"<div data-elementor-type=\"wp-page\" data-elementor-id=\"372\" class=\"elementor elementor-372\">\n\t\t\t\t\t\t<section class=\"elementor-section elementor-top-section elementor-element elementor-element-f9ab879 elementor-section-boxed elementor-section-height-default elementor-section-height-default\" data-id=\"f9ab879\" data-element_type=\"section\" data-e-type=\"section\">\n\t\t\t\t\t\t<div class=\"elementor-container elementor-column-gap-default\">\n\t\t\t\t\t<div class=\"elementor-column elementor-col-100 elementor-top-column elementor-element elementor-element-4bd8d3e\" data-id=\"4bd8d3e\" data-element_type=\"column\" data-e-type=\"column\">\n\t\t\t<div class=\"elementor-widget-wrap elementor-element-populated\">\n\t\t\t\t\t\t<section class=\"elementor-section elementor-inner-section elementor-element elementor-element-c2bd654 elementor-reverse-mobile bg_dark elementor-section-boxed elementor-section-height-default elementor-section-height-default\" data-id=\"c2bd654\" data-element_type=\"section\" data-e-type=\"section\" data-settings=\"{&quot;background_background&quot;:&quot;classic&quot;}\">\n\t\t\t\t\t\t<div class=\"elementor-container elementor-column-gap-default\">\n\t\t\t\t\t<div class=\"elementor-column elementor-col-50 elementor-inner-column elementor-element elementor-element-7c13761\" data-id=\"7c13761\" data-element_type=\"column\" data-e-type=\"column\">\n\t\t\t<div class=\"elementor-widget-wrap elementor-element-populated\">\n\t\t\t\t\t\t<div class=\"elementor-element elementor-element-bc4c323 light_color e-transform elementor-invisible elementor-widget elementor-widget-heading\" data-id=\"bc4c323\" data-element_type=\"widget\" data-e-type=\"widget\" data-settings=\"{&quot;_animation&quot;:&quot;fadeInUp&quot;,&quot;_transform_scale_effect_hover&quot;:{&quot;unit&quot;:&quot;px&quot;,&quot;size&quot;:1.1,&quot;sizes&quot;:[]},&quot;_transform_scale_effect_hover_tablet&quot;:{&quot;unit&quot;:&quot;px&quot;,&quot;size&quot;:&quot;&quot;,&quot;sizes&quot;:[]},&quot;_transform_scale_effect_hover_mobile&quot;:{&quot;unit&quot;:&quot;px&quot;,&quot;size&quot;:&quot;&quot;,&quot;sizes&quot;:[]}}\" data-widget_type=\"heading.default\">\n\t\t\t\t<div class=\"elementor-widget-container\">\n\t\t\t\t\t<h2 class=\"elementor-heading-title elementor-size-default\">\u00c0 PROPOS DE NOUS<\/h2>\t\t\t\t<\/div>\n\t\t\t\t<\/div>\n\t\t\t\t<div class=\"elementor-element elementor-element-a57d87a elementor-invisible elementor-widget elementor-widget-text-editor\" data-id=\"a57d87a\" data-element_type=\"widget\" data-e-type=\"widget\" data-settings=\"{&quot;_animation&quot;:&quot;fadeInUp&quot;}\" data-widget_type=\"text-editor.default\">\n\t\t\t\t<div class=\"elementor-widget-container\">\n\t\t\t\t\t\t\t\t\t<p>Pop-media<\/p>\t\t\t\t\t\t\t\t<\/div>\n\t\t\t\t<\/div>\n\t\t\t\t<div class=\"elementor-element elementor-element-079bda2 animated-fast light_color elementor-invisible elementor-widget elementor-widget-text-editor\" data-id=\"079bda2\" data-element_type=\"widget\" data-e-type=\"widget\" data-settings=\"{&quot;_animation&quot;:&quot;fadeInUp&quot;}\" data-widget_type=\"text-editor.default\">\n\t\t\t\t<div class=\"elementor-widget-container\">\n\t\t\t\t\t\t\t\t\t<p>Tema vision\u00ae se veut un espace authentique, innovant et atypique.<\/p>\n<p>Nous sommes un m\u00e9dia singulier, qui se distingue par sa neutralit\u00e9.<\/p>\n<p>Notre mission est de donner la parole \u00e0 chacun et de vous offrir une plateforme pour exprimer vos id\u00e9es et opinions.<\/p>\n<p>Nous croyons que chaque voix m\u00e9rite d'\u00eatre entendue, et c'est pourquoi nous vous offrons un espace neutre o\u00f9 chacun peut s'exprimer librement.<\/p>\n<p>Nous sommes fiers d'\u00eatre un m\u00e9dia innovant qui offre un contenu unique et original.<\/p>\n<p>Nous nous effor\u00e7ons de r\u00e9v\u00e9ler des talents cach\u00e9s et de vous offrir de nouvelles perspectives sur l'actualit\u00e9.<\/p>\n<p>Notre m\u00e9dia est un espace ouvert, vous donnant la possibilit\u00e9 de vous exprimer et de d\u00e9couvrir de nouvelles choses.<\/p>\n<p>Nous sommes fiers d'offrir des m\u00e9dias authentiques qui refl\u00e8tent la diversit\u00e9 de notre soci\u00e9t\u00e9.<\/p>\t\t\t\t\t\t\t\t<\/div>\n\t\t\t\t<\/div>\n\t\t\t\t<div class=\"elementor-element elementor-element-b9c8e0f btn-gradient elementor-mobile-align-justify elementor-invisible elementor-widget elementor-widget-button\" data-id=\"b9c8e0f\" data-element_type=\"widget\" data-e-type=\"widget\" data-settings=\"{&quot;_animation&quot;:&quot;fadeInUp&quot;,&quot;_animation_delay&quot;:100}\" data-widget_type=\"button.default\">\n\t\t\t\t<div class=\"elementor-widget-container\">\n\t\t\t\t\t\t\t\t\t<div class=\"elementor-button-wrapper\">\n\t\t\t\t\t<a class=\"elementor-button elementor-button-link elementor-size-lg elementor-animation-grow\" href=\"#elementor-action%3Aaction%3Dpopup%3Aopen%26settings%3DeyJpZCI6IjQ3MCIsInRvZ2dsZSI6ZmFsc2V9\">\n\t\t\t\t\t\t<span class=\"elementor-button-content-wrapper\">\n\t\t\t\t\t\t\t\t\t<span class=\"elementor-button-text\">Contactez-nous<\/span>\n\t\t\t\t\t<\/span>\n\t\t\t\t\t<\/a>\n\t\t\t\t<\/div>\n\t\t\t\t\t\t\t\t<\/div>\n\t\t\t\t<\/div>\n\t\t\t\t\t<\/div>\n\t\t<\/div>\n\t\t\t\t<div class=\"elementor-column elementor-col-50 elementor-inner-column elementor-element elementor-element-7aa8f03\" data-id=\"7aa8f03\" data-element_type=\"column\" data-e-type=\"column\">\n\t\t\t<div class=\"elementor-widget-wrap elementor-element-populated\">\n\t\t\t\t\t\t<div class=\"elementor-element elementor-element-57f6676 animated-fast elementor-invisible elementor-widget elementor-widget-image\" data-id=\"57f6676\" data-element_type=\"widget\" data-e-type=\"widget\" data-settings=\"{&quot;_animation&quot;:&quot;zoomIn&quot;}\" data-widget_type=\"image.default\">\n\t\t\t\t<div class=\"elementor-widget-container\">\n\t\t\t\t\t\t\t\t\t\t\t\t\t\t\t<img fetchpriority=\"high\" decoding=\"async\" width=\"550\" height=\"688\" src=\"https:\/\/tema-vision.com\/wp-content\/uploads\/2023\/02\/Rectangle-23.jpg\" class=\"elementor-animation-grow attachment-full size-full wp-image-375\" alt=\"\" srcset=\"https:\/\/tema-vision.com\/wp-content\/uploads\/2023\/02\/Rectangle-23.jpg 550w, https:\/\/tema-vision.com\/wp-content\/uploads\/2023\/02\/Rectangle-23-240x300.jpg 240w\" sizes=\"(max-width: 550px) 100vw, 550px\" \/>\t\t\t\t\t\t\t\t\t\t\t\t\t\t\t<\/div>\n\t\t\t\t<\/div>\n\t\t\t\t\t<\/div>\n\t\t<\/div>\n\t\t\t\t\t<\/div>\n\t\t<\/section>\n\t\t\t\t\t<\/div>\n\t\t<\/div>\n\t\t\t\t\t<\/div>\n\t\t<\/section>\n\t\t\t\t<\/div>","protected":false},"excerpt":{"rendered":"<p>ABOUT US Pop-media Tema vision\u00ae wants to be an authentic, innovative, and atypical space. We are a singular media, which distinguishes itself by its neutrality. Our mission is to give everyone a voice and to offer you a platform to express your ideas and opinions. We believe that every voice deserves to be heard, and [&hellip;]<\/p>\n","protected":false},"author":2,"featured_media":0,"parent":0,"menu_order":0,"comment_status":"closed","ping_status":"open","template":"elementor_header_footer","meta":{"footnotes":""},"class_list":["post-372","page","type-page","status-publish","hentry"],"brizy_media":[],"_links":{"self":[{"href":"https:\/\/tema-vision.com\/fr\/wp-json\/wp\/v2\/pages\/372","targetHints":{"allow":["GET"]}}],"collection":[{"href":"https:\/\/tema-vision.com\/fr\/wp-json\/wp\/v2\/pages"}],"about":[{"href":"https:\/\/tema-vision.com\/fr\/wp-json\/wp\/v2\/types\/page"}],"author":[{"embeddable":true,"href":"https:\/\/tema-vision.com\/fr\/wp-json\/wp\/v2\/users\/2"}],"replies":[{"embeddable":true,"href":"https:\/\/tema-vision.com\/fr\/wp-json\/wp\/v2\/comments?post=372"}],"version-history":[{"count":6,"href":"https:\/\/tema-vision.com\/fr\/wp-json\/wp\/v2\/pages\/372\/revisions"}],"predecessor-version":[{"id":851,"href":"https:\/\/tema-vision.com\/fr\/wp-json\/wp\/v2\/pages\/372\/revisions\/851"}],"wp:attachment":[{"href":"https:\/\/tema-vision.com\/fr\/wp-json\/wp\/v2\/media?parent=372"}],"curies":[{"name":"wp","href":"https:\/\/api.w.org\/{rel}","templated":true}]}}